{"id":7,"date":"2019-05-30T15:46:25","date_gmt":"2019-05-30T15:46:25","guid":{"rendered":"https:\/\/atelier-restauration-ceramique-des-boutons-dor.fr\/?page_id=7"},"modified":"2022-10-04T16:02:00","modified_gmt":"2022-10-04T16:02:00","slug":"7-2","status":"publish","type":"page","link":"https:\/\/atelier-restauration-ceramique-des-boutons-dor.fr\/","title":{"rendered":"ACCUEIL"},"content":{"rendered":"\n<p>Bienvenue \u00e0 l\u2019atelier de\nrestauration c\u00e9ramique des Boutons d\u2019Or&nbsp;!<\/p>\n\n\n\n<p>Situ\u00e9 \u00e0 Villeroy, pr\u00e8s de Sens, l\u2019atelier vous propose la restauration de vos objets en c\u00e9ramique, qu\u2019il s\u2019agisse de terre cuite, gr\u00e8s, fa\u00efence, porcelaine ou biscuit. Nous restaurons aussi les objets en pl\u00e2tre. <\/p>\n\n\n\n<p>Toutes les cassures ainsi que les\nmanques, qu\u2019ils soient dans le corps de la pi\u00e8ce ou qu\u2019il s\u2019agisse d\u2019\u00e9l\u00e9ments\next\u00e9rieurs comme une anse, un bec, ou une partie de statuette, peuvent \u00eatre\nrestaur\u00e9s. Il est aussi possible de modifier une restauration ant\u00e9rieure, par\ncollage ou agrafage, dans la mesure o\u00f9 le d\u00e9montage n\u2019aggrave pas la\nd\u00e9t\u00e9rioration de la pi\u00e8ce.<\/p>\n\n\n\n<p>La valeur marchande de l\u2019objet\nn\u2019a aucune importance, une pi\u00e8ce \u00e0 laquelle on tient de mani\u00e8re affective a\nautant de valeur \u00e0 nos yeux qu\u2019une pi\u00e8ce de mus\u00e9e, quand il s\u2019agit de lui\nrendre autant que faire se peut son \u00e9tat d\u2019origine.<\/p>\n\n\n\n<p>&nbsp;Chaque objet re\u00e7oit un traitement\npersonnalis\u00e9, qui se d\u00e9cide avec son propri\u00e9taire. Tout se fait dans le respect\ndu travail de l\u2019artisan et de l\u2019objet lui-m\u00eame. <\/p>\n\n\n\n<p>L\u2019atelier des Boutons d\u2019Or vous\npropose plusieurs types de restaurations&nbsp;: <\/p>\n\n\n\n<p>&#8211; la restauration arch\u00e9ologique<\/p>\n\n\n\n<p>&#8211; la restauration mus\u00e9ale<\/p>\n\n\n\n<p>&#8211; la restauration illusionniste<\/p>\n\n\n\n<p>-la restauration avec la\ntechnique japonaise du <em>kintsugi<\/em>.<\/p>\n\n\n\n<p>Ces diff\u00e9rentes pratiques sont explicit\u00e9es dans la rubrique Techniques.<\/p>\n","protected":false},"excerpt":{"rendered":"<p>Bienvenue \u00e0 l\u2019atelier de restauration c\u00e9ramique des Boutons d\u2019Or&nbsp;! Situ\u00e9 \u00e0 Villeroy, pr\u00e8s de Sens, l\u2019atelier vous propose la restauration de vos objets en c\u00e9ramique, qu\u2019il s\u2019agisse de terre cuite, gr\u00e8s, fa\u00efence, porcelaine ou biscuit. Nous restaurons aussi les objets en pl\u00e2tre. Toutes les cassures ainsi que les manques, qu\u2019ils soient dans le corps de &hellip; <\/p>\n<p class=\"link-more\"><a href=\"https:\/\/atelier-restauration-ceramique-des-boutons-dor.fr\/\" class=\"more-link\">Continuer la lecture<span class=\"screen-reader-text\"> de &laquo;&nbsp;ACCUEIL&nbsp;&raquo;<\/span><\/a><\/p>\n","protected":false},"author":1,"featured_media":0,"parent":0,"menu_order":0,"comment_status":"closed","ping_status":"closed","template":"","meta":{"footnotes":""},"class_list":["post-7","page","type-page","status-publish","hentry"],"aioseo_notices":[],"amp_enabled":true,"_links":{"self":[{"href":"https:\/\/atelier-restauration-ceramique-des-boutons-dor.fr\/index.php\/wp-json\/wp\/v2\/pages\/7"}],"collection":[{"href":"https:\/\/atelier-restauration-ceramique-des-boutons-dor.fr\/index.php\/wp-json\/wp\/v2\/pages"}],"about":[{"href":"https:\/\/atelier-restauration-ceramique-des-boutons-dor.fr\/index.php\/wp-json\/wp\/v2\/types\/page"}],"author":[{"embeddable":true,"href":"https:\/\/atelier-restauration-ceramique-des-boutons-dor.fr\/index.php\/wp-json\/wp\/v2\/users\/1"}],"replies":[{"embeddable":true,"href":"https:\/\/atelier-restauration-ceramique-des-boutons-dor.fr\/index.php\/wp-json\/wp\/v2\/comments?post=7"}],"version-history":[{"count":2,"href":"https:\/\/atelier-restauration-ceramique-des-boutons-dor.fr\/index.php\/wp-json\/wp\/v2\/pages\/7\/revisions"}],"predecessor-version":[{"id":446,"href":"https:\/\/atelier-restauration-ceramique-des-boutons-dor.fr\/index.php\/wp-json\/wp\/v2\/pages\/7\/revisions\/446"}],"wp:attachment":[{"href":"https:\/\/atelier-restauration-ceramique-des-boutons-dor.fr\/index.php\/wp-json\/wp\/v2\/media?parent=7"}],"curies":[{"name":"wp","href":"https:\/\/api.w.org\/{rel}","templated":true}]}}