{"id":74,"date":"2019-10-22T14:35:51","date_gmt":"2019-10-22T14:35:51","guid":{"rendered":"https:\/\/atelier-restauration-ceramique-des-boutons-dor.fr\/?page_id=74"},"modified":"2019-10-22T14:35:51","modified_gmt":"2019-10-22T14:35:51","slug":"biographie","status":"publish","type":"page","link":"https:\/\/atelier-restauration-ceramique-des-boutons-dor.fr\/index.php\/biographie\/","title":{"rendered":"BIOGRAPHIE"},"content":{"rendered":"\n<p>Passionn\u00e9e depuis l\u2019enfance par\nl\u2019objet et le myst\u00e8re de son histoire, c\u2019est apr\u00e8s un baccalaur\u00e9at d\u2019arts\nplastiques que j\u2019entame des \u00e9tudes d\u2019arch\u00e9ologie qui me permettent de pousser\nplus avant l\u2019\u00e9tude technique, stylistique et sociale de l\u2019artefact. <\/p>\n\n\n\n<figure class=\"wp-block-image size-large\"><img loading=\"lazy\" decoding=\"async\" width=\"1024\" height=\"683\" src=\"https:\/\/atelier-restauration-ceramique-des-boutons-dor.fr\/wp-content\/uploads\/2019\/10\/IMG_7035-1024x683.jpg\" alt=\"\" class=\"wp-image-126\" srcset=\"https:\/\/atelier-restauration-ceramique-des-boutons-dor.fr\/wp-content\/uploads\/2019\/10\/IMG_7035-1024x683.jpg 1024w, https:\/\/atelier-restauration-ceramique-des-boutons-dor.fr\/wp-content\/uploads\/2019\/10\/IMG_7035-300x200.jpg 300w, https:\/\/atelier-restauration-ceramique-des-boutons-dor.fr\/wp-content\/uploads\/2019\/10\/IMG_7035-768x512.jpg 768w, https:\/\/atelier-restauration-ceramique-des-boutons-dor.fr\/wp-content\/uploads\/2019\/10\/IMG_7035-1536x1024.jpg 1536w, https:\/\/atelier-restauration-ceramique-des-boutons-dor.fr\/wp-content\/uploads\/2019\/10\/IMG_7035.jpg 1725w\" sizes=\"(max-width: 767px) 89vw, (max-width: 1000px) 54vw, (max-width: 1071px) 543px, 580px\" \/><\/figure>\n\n\n\n<p>Prenant ensuite une autre route\napr\u00e8s mon Doctorat d\u2019arch\u00e9ologie orientale et une ann\u00e9e d\u2019enseignement \u00e0\nl\u2019Universit\u00e9 de Rennes 2, je suis enfin revenue \u00e0 cette passion par la\nd\u00e9couverte en 2018 de l\u2019art japonais du <em>kintsugi<\/em>,\nlitt\u00e9ralement \u00ab&nbsp;r\u00e9paration \u00e0 l\u2019or&nbsp;\u00bb. <\/p>\n\n\n\n<p>Initi\u00e9e \u00e0 cette technique\njaponaise ancestrale par Emmanuel Csiki au Centre Professionnel International\nde Formation aux Arts C\u00e9ramiques, c\u2019est lors de cette exp\u00e9rience que je d\u00e9cide\nde me former \u00e9galement \u00e0 la restauration c\u00e9ramique moderne. \n\nC\u2019est \u00e0 Nov\u00e9ant-sur-Moselle, \u00e0 l\u2019atelier des Passeurs\nd\u2019Art, chez Astrid Meyer, que j\u2019acqui\u00e8re les connaissances du m\u00e9tier de\nrestauratrice.\n\n\n\n<\/p>\n\n\n\n<div class=\"wp-block-image is-style-default\"><figure class=\"aligncenter size-large is-resized\"><img loading=\"lazy\" decoding=\"async\" src=\"https:\/\/atelier-restauration-ceramique-des-boutons-dor.fr\/wp-content\/uploads\/2019\/10\/IMG_7037-1024x683.jpg\" alt=\"\" class=\"wp-image-127\" width=\"388\" height=\"258\" srcset=\"https:\/\/atelier-restauration-ceramique-des-boutons-dor.fr\/wp-content\/uploads\/2019\/10\/IMG_7037-1024x683.jpg 1024w, https:\/\/atelier-restauration-ceramique-des-boutons-dor.fr\/wp-content\/uploads\/2019\/10\/IMG_7037-300x200.jpg 300w, https:\/\/atelier-restauration-ceramique-des-boutons-dor.fr\/wp-content\/uploads\/2019\/10\/IMG_7037-768x512.jpg 768w, https:\/\/atelier-restauration-ceramique-des-boutons-dor.fr\/wp-content\/uploads\/2019\/10\/IMG_7037-1536x1024.jpg 1536w, https:\/\/atelier-restauration-ceramique-des-boutons-dor.fr\/wp-content\/uploads\/2019\/10\/IMG_7037.jpg 1800w\" sizes=\"(max-width: 388px) 100vw, 388px\" \/><\/figure><\/div>\n\n\n\n<p><\/p>\n","protected":false},"excerpt":{"rendered":"<p>Passionn\u00e9e depuis l\u2019enfance par l\u2019objet et le myst\u00e8re de son histoire, c\u2019est apr\u00e8s un baccalaur\u00e9at d\u2019arts plastiques que j\u2019entame des \u00e9tudes d\u2019arch\u00e9ologie qui me permettent de pousser plus avant l\u2019\u00e9tude technique, stylistique et sociale de l\u2019artefact. Prenant ensuite une autre route apr\u00e8s mon Doctorat d\u2019arch\u00e9ologie orientale et une ann\u00e9e d\u2019enseignement \u00e0 l\u2019Universit\u00e9 de Rennes 2, &hellip; <\/p>\n<p class=\"link-more\"><a href=\"https:\/\/atelier-restauration-ceramique-des-boutons-dor.fr\/index.php\/biographie\/\" class=\"more-link\">Continuer la lecture<span class=\"screen-reader-text\"> de &laquo;&nbsp;BIOGRAPHIE&nbsp;&raquo;<\/span><\/a><\/p>\n","protected":false},"author":2,"featured_media":0,"parent":0,"menu_order":0,"comment_status":"closed","ping_status":"closed","template":"","meta":{"footnotes":""},"class_list":["post-74","page","type-page","status-publish","hentry"],"aioseo_notices":[],"amp_enabled":true,"_links":{"self":[{"href":"https:\/\/atelier-restauration-ceramique-des-boutons-dor.fr\/index.php\/wp-json\/wp\/v2\/pages\/74"}],"collection":[{"href":"https:\/\/atelier-restauration-ceramique-des-boutons-dor.fr\/index.php\/wp-json\/wp\/v2\/pages"}],"about":[{"href":"https:\/\/atelier-restauration-ceramique-des-boutons-dor.fr\/index.php\/wp-json\/wp\/v2\/types\/page"}],"author":[{"embeddable":true,"href":"https:\/\/atelier-restauration-ceramique-des-boutons-dor.fr\/index.php\/wp-json\/wp\/v2\/users\/2"}],"replies":[{"embeddable":true,"href":"https:\/\/atelier-restauration-ceramique-des-boutons-dor.fr\/index.php\/wp-json\/wp\/v2\/comments?post=74"}],"version-history":[{"count":0,"href":"https:\/\/atelier-restauration-ceramique-des-boutons-dor.fr\/index.php\/wp-json\/wp\/v2\/pages\/74\/revisions"}],"wp:attachment":[{"href":"https:\/\/atelier-restauration-ceramique-des-boutons-dor.fr\/index.php\/wp-json\/wp\/v2\/media?parent=74"}],"curies":[{"name":"wp","href":"https:\/\/api.w.org\/{rel}","templated":true}]}}